{"id":1075,"date":"2025-10-27T09:26:35","date_gmt":"2025-10-27T08:26:35","guid":{"rendered":"https:\/\/www.prosumerlab.com\/?page_id=1075"},"modified":"2026-02-04T11:53:51","modified_gmt":"2026-02-04T10:53:51","slug":"metodoa","status":"publish","type":"page","link":"https:\/\/www.prosumerlab.com\/eu\/metodoa\/","title":{"rendered":"Metodoa"},"content":{"rendered":"<p>[et_pb_section fb_built=&#8221;1&#8243; _builder_version=&#8221;4.27.4&#8243; _module_preset=&#8221;default&#8221; background_color=&#8221;#000000&#8243; background_enable_image=&#8221;off&#8221; background_video_mp4=&#8221;https:\/\/www.prosumerlab.com\/wp-content\/uploads\/2025\/12\/metodo.m4v&#8221; custom_margin=&#8221;||||false|false&#8221; custom_padding=&#8221;0px||||false|false&#8221; background_last_edited=&#8221;on|phone&#8221; background_enable_image_tablet=&#8221;off&#8221; global_colors_info=&#8221;{}&#8221;][et_pb_row custom_padding_last_edited=&#8221;on|phone&#8221; module_class=&#8221;portada_fila&#8221; _builder_version=&#8221;4.27.4&#8243; _module_preset=&#8221;default&#8221; width=&#8221;100%&#8221; max_width=&#8221;100%&#8221; custom_padding=&#8221;520px|60px||60px|false|true&#8221; custom_padding_tablet=&#8221;300px|50px||50px|false|true&#8221; custom_padding_phone=&#8221;|30px||30px|false|true&#8221; global_colors_info=&#8221;{}&#8221;][et_pb_column type=&#8221;4_4&#8243; _builder_version=&#8221;4.27.4&#8243; _module_preset=&#8221;default&#8221; global_colors_info=&#8221;{}&#8221;][et_pb_text content_last_edited=&#8221;on|phone&#8221; _builder_version=&#8221;4.27.5&#8243; _module_preset=&#8221;default&#8221; text_font=&#8221;Avant Garde Bold|700|||||||&#8221; header_2_text_color=&#8221;#FFD300&#8243; header_2_font_size=&#8221;80px&#8221; custom_margin=&#8221;||10px||false|false&#8221; hover_enabled=&#8221;0&#8243; header_2_font_size_tablet=&#8221;65px&#8221; header_2_font_size_phone=&#8221;33px&#8221; header_2_font_size_last_edited=&#8221;on|tablet&#8221; locked=&#8221;off&#8221; global_colors_info=&#8221;{}&#8221; sticky_enabled=&#8221;0&#8243; content_tablet=&#8221;<\/p>\n<h2>METODOA<\/h2>\n<p>&#8221; content_phone=&#8221;<\/p>\n<h2>METODOA<\/h2>\n<p>&#8220;]<\/p>\n<h2>METODOA<\/h2>\n<p>[\/et_pb_text][\/et_pb_column][\/et_pb_row][\/et_pb_section][et_pb_section fb_built=&#8221;1&#8243; custom_padding_last_edited=&#8221;on|phone&#8221; _builder_version=&#8221;4.27.4&#8243; _module_preset=&#8221;default&#8221; background_color=&#8221;#2e2b28&#8243; custom_padding=&#8221;20px||20px||true|false&#8221; custom_padding_tablet=&#8221;20px|50px|20px|50px|true|true&#8221; custom_padding_phone=&#8221;0px||0px||true|true&#8221; global_colors_info=&#8221;{}&#8221;][et_pb_row column_structure=&#8221;1_2,1_2&#8243; use_custom_gutter=&#8221;on&#8221; make_equal=&#8221;on&#8221; custom_padding_last_edited=&#8221;on|tablet&#8221; _builder_version=&#8221;4.27.4&#8243; _module_preset=&#8221;default&#8221; width=&#8221;100%&#8221; max_width=&#8221;1180px&#8221; custom_padding=&#8221;55px||55px||true|false&#8221; custom_padding_tablet=&#8221;55px||55px||true|false&#8221; custom_padding_phone=&#8221;||||true|false&#8221; locked=&#8221;off&#8221; global_colors_info=&#8221;{}&#8221;][et_pb_column type=&#8221;1_2&#8243; _builder_version=&#8221;4.27.4&#8243; _module_preset=&#8221;default&#8221; border_width_right=&#8221;1px&#8221; border_color_right=&#8221;#FFD300&#8243; border_width_right_tablet=&#8221;0px&#8221; border_width_right_phone=&#8221;0px&#8221; border_width_right_last_edited=&#8221;on|tablet&#8221; global_colors_info=&#8221;{}&#8221;][et_pb_text content_last_edited=&#8221;on|phone&#8221; _builder_version=&#8221;4.27.5&#8243; _module_preset=&#8221;default&#8221; text_font=&#8221;Avant Garde Bold||||||||&#8221; text_text_color=&#8221;#FFFFFF&#8221; text_font_size=&#8221;45px&#8221; text_line_height=&#8221;1em&#8221; hover_enabled=&#8221;0&#8243; text_font_size_tablet=&#8221;30px&#8221; text_font_size_phone=&#8221;22px&#8221; text_font_size_last_edited=&#8221;on|desktop&#8221; global_colors_info=&#8221;{}&#8221; sticky_enabled=&#8221;0&#8243; content_tablet=&#8221;Ikuspegi praktikoa, arina eta emaitzei begirakoa&#8221; content_phone=&#8221;Ikuspegi praktikoa, arina eta emaitzei begirakoa&#8221;]Ikuspegi praktikoa, arina eta emaitzei begirakoa[\/et_pb_text][\/et_pb_column][et_pb_column type=&#8221;1_2&#8243; _builder_version=&#8221;4.27.4&#8243; _module_preset=&#8221;default&#8221; border_color_left=&#8221;#FFD300&#8243; global_colors_info=&#8221;{}&#8221;][et_pb_text content_last_edited=&#8221;on|desktop&#8221; module_class=&#8221;portada_txt&#8221; _builder_version=&#8221;4.27.5&#8243; _module_preset=&#8221;default&#8221; text_text_color=&#8221;#FFFFFF&#8221; text_font_size=&#8221;30px&#8221; text_line_height=&#8221;1em&#8221; custom_margin=&#8221;||||false|false&#8221; custom_margin_tablet=&#8221;||||false|false&#8221; custom_margin_phone=&#8221;||||false|false&#8221; custom_margin_last_edited=&#8221;on|desktop&#8221; custom_padding=&#8221;||||false|false&#8221; hover_enabled=&#8221;0&#8243; text_font_size_tablet=&#8221;20px&#8221; text_font_size_phone=&#8221;18px&#8221; text_font_size_last_edited=&#8221;on|phone&#8221; border_color_left=&#8221;#FFD300&#8243; global_colors_info=&#8221;{}&#8221; sticky_enabled=&#8221;0&#8243; content_tablet=&#8221;Gure bezeroekin Design Thinkingean eta elkarren arteko sorkuntzan oinarritutako metodo arina aplikatzen dugu. Modu kolaboratibo eta malguan egiten dugu lana arazoak eraldatu eta irtenbide praktiko eta egingarri bilakatu daitezen.<\/p>\n<p>Gure metodoa funtsezko hiru etapatan egituratzen da:<\/p>\n<p>Pertsonak eta erakundea inguratzen dituen testuingurua  <span style=%22color: #ffd300;%22><i>ULERTZEA<\/i><\/span>.<\/p>\n<p>Irtenbide egokia <span style=%22color: #ffd300;%22><i>ZEHAZTEA<\/i><\/span>.<\/p>\n<p>Plangintza <span style=%22color: #ffd300;%22><i>GAUZATZEA<\/i><\/span> txertatze praktikoari modu argian begiratuz, ekintza bakoitzak negozioan zein pertsonengan eragin positiboa izatea ziurtatuz.&#8221; content_phone=&#8221;Gure bezeroekin Design Thinkingean eta elkarren arteko sorkuntzan oinarritutako metodo arina aplikatzen dugu. Modu kolaboratibo eta malguan egiten dugu lana arazoak eraldatu eta irtenbide praktiko eta egingarri bilakatu daitezen.<\/p>\n<p>Gure metodoa funtsezko hiru etapatan egituratzen da:<\/p>\n<p>Pertsonak eta erakundea inguratzen dituen testuingurua  <span style=%22color: #ffd300;%22><i>ULERTZEA<\/i><\/span>.<\/p>\n<p>Irtenbide egokia <span style=%22color: #ffd300;%22><i>ZEHAZTEA<\/i><\/span>.<\/p>\n<p>Plangintza <span style=%22color: #ffd300;%22><i>GAUZATZEA<\/i><\/span> txertatze praktikoari modu argian begiratuz, ekintza bakoitzak negozioan zein pertsonengan eragin positiboa izatea ziurtatuz.&#8221;]Gure bezeroekin Design Thinkingean eta elkarren arteko sorkuntzan oinarritutako metodo arina aplikatzen dugu. Modu kolaboratibo eta malguan egiten dugu lana arazoak eraldatu eta irtenbide praktiko eta egingarri bilakatu daitezen.<\/p>\n<p>Gure metodoa funtsezko hiru etapatan egituratzen da:<\/p>\n<p>Pertsonak eta erakundea inguratzen dituen testuingurua  <span style=\"color: #ffd300;\"><i>ULERTZEA<\/i><\/span>.<\/p>\n<p>Irtenbide egokia <span style=\"color: #ffd300;\"><i>ZEHAZTEA<\/i><\/span>.<\/p>\n<p>Plangintza <span style=\"color: #ffd300;\"><i>GAUZATZEA<\/i><\/span> txertatze praktikoari modu argian begiratuz, ekintza bakoitzak negozioan zein pertsonengan eragin positiboa izatea ziurtatuz.[\/et_pb_text][\/et_pb_column][\/et_pb_row][\/et_pb_section][et_pb_section fb_built=&#8221;1&#8243; custom_padding_last_edited=&#8221;on|desktop&#8221; module_class=&#8221;servicios_listado&#8221; _builder_version=&#8221;4.27.4&#8243; _module_preset=&#8221;default&#8221; custom_padding=&#8221;||||false|false&#8221; custom_padding_tablet=&#8221;|50px||50px|false|true&#8221; custom_padding_phone=&#8221;|50px||50px|false|true&#8221; global_colors_info=&#8221;{}&#8221;][et_pb_row custom_padding_last_edited=&#8221;on|phone&#8221; _builder_version=&#8221;4.27.4&#8243; _module_preset=&#8221;default&#8221; width_tablet=&#8221;90%&#8221; width_phone=&#8221;90%&#8221; width_last_edited=&#8221;on|phone&#8221; max_width=&#8221;1480px&#8221; custom_padding=&#8221;20px||20px||false|false&#8221; custom_padding_tablet=&#8221;20px||20px||false|false&#8221; custom_padding_phone=&#8221;20px||20px||false|false&#8221; border_color_top=&#8221;#FFD300&#8243; global_colors_info=&#8221;{}&#8221;][et_pb_column type=&#8221;4_4&#8243; _builder_version=&#8221;4.27.4&#8243; _module_preset=&#8221;default&#8221; global_colors_info=&#8221;{}&#8221;][et_pb_image src=&#8221;https:\/\/www.prosumerlab.com\/wp-content\/uploads\/2026\/02\/ulertzea-zehaztea-gauzatzea-negro.png&#8221; title_text=&#8221;ulertzea-zehaztea-gauzatzea-negro&#8221; align=&#8221;center&#8221; _builder_version=&#8221;4.27.5&#8243; _module_preset=&#8221;default&#8221; custom_margin=&#8221;70px||70px||true|false&#8221; custom_margin_tablet=&#8221;40px||||false|false&#8221; custom_margin_phone=&#8221;0px||50px||false|false&#8221; custom_margin_last_edited=&#8221;on|phone&#8221; hover_enabled=&#8221;0&#8243; global_colors_info=&#8221;{}&#8221; sticky_enabled=&#8221;0&#8243;][\/et_pb_image][et_pb_button button_url=&#8221;@ET-DC@eyJkeW5hbWljIjp0cnVlLCJjb250ZW50IjoicG9zdF9saW5rX3VybF9wYWdlIiwic2V0dGluZ3MiOnsicG9zdF9pZCI6IjE5In19@&#8221; button_text=&#8221;Harremanetan jarri&#8221; button_alignment=&#8221;center&#8221; button_text_tablet=&#8221;Cont\u00e1ctanos&#8221; button_text_phone=&#8221;Cont\u00e1ctanos&#8221; button_text_last_edited=&#8221;on|phone&#8221; _builder_version=&#8221;4.27.5&#8243; _dynamic_attributes=&#8221;button_url&#8221; _module_preset=&#8221;default&#8221; custom_button=&#8221;on&#8221; button_text_size=&#8221;23px&#8221; button_text_color=&#8221;#2E2B28&#8243; button_bg_color=&#8221;RGBA(255,255,255,0)&#8221; button_border_width=&#8221;1px&#8221; button_border_color=&#8221;#FFD300&#8243; button_border_radius=&#8221;0px&#8221; button_font=&#8221;Avant Garde Bold||||||||&#8221; button_use_icon=&#8221;off&#8221; custom_margin=&#8221;||||false|false&#8221; custom_padding=&#8221;5px|40px|5px|40px|true|true&#8221; hover_enabled=&#8221;0&#8243; button_text_size_tablet=&#8221;23px&#8221; button_text_size_phone=&#8221;20px&#8221; button_text_size_last_edited=&#8221;on|phone&#8221; locked=&#8221;off&#8221; global_colors_info=&#8221;{}&#8221; button_text_color__hover_enabled=&#8221;on|hover&#8221; button_text_color__hover=&#8221;#FFFFFF&#8221; button_bg_color__hover_enabled=&#8221;on|hover&#8221; button_bg_color__hover=&#8221;#2E2B28&#8243; button_bg_enable_color__hover=&#8221;on&#8221; sticky_enabled=&#8221;0&#8243;][\/et_pb_button][\/et_pb_column][\/et_pb_row][\/et_pb_section]<\/p>\n","protected":false},"excerpt":{"rendered":"<p>METODOAIkuspegi praktikoa, arina eta emaitzei begirakoaGure bezeroekin Design Thinkingean eta elkarren arteko sorkuntzan oinarritutako metodo arina aplikatzen dugu. Modu kolaboratibo eta malguan egiten dugu lana arazoak eraldatu eta irtenbide praktiko eta egingarri bilakatu daitezen. Gure metodoa funtsezko hiru etapatan egituratzen da: Pertsonak eta erakundea inguratzen dituen testuingurua ULERTZEA. Irtenbide egokia ZEHAZTEA. Plangintza GAUZATZEA txertatze praktikoari [&hellip;]<\/p>\n","protected":false},"author":1,"featured_media":0,"parent":0,"menu_order":3,"comment_status":"closed","ping_status":"closed","template":"","meta":{"_et_pb_use_builder":"on","_et_pb_old_content":"[et_pb_section fb_built=\"1\" _builder_version=\"4.27.4\" _module_preset=\"default\" background_color=\"#000000\" background_enable_image=\"off\" background_video_mp4=\"https:\/\/www.prosumerlab.com\/wp-content\/uploads\/2025\/12\/metodo.m4v\" custom_margin=\"||||false|false\" custom_padding=\"0px||||false|false\" background_last_edited=\"on|phone\" background_enable_image_tablet=\"off\" global_colors_info=\"{}\"][et_pb_row custom_padding_last_edited=\"on|phone\" module_class=\"portada_fila\" _builder_version=\"4.27.4\" _module_preset=\"default\" width=\"100%\" max_width=\"100%\" custom_padding=\"520px|60px||60px|false|true\" custom_padding_tablet=\"300px|50px||50px|false|true\" custom_padding_phone=\"|30px||30px|false|true\" global_colors_info=\"{}\"][et_pb_column type=\"4_4\" _builder_version=\"4.27.4\" _module_preset=\"default\" global_colors_info=\"{}\"][et_pb_text content_tablet=\"\n<h2>M\u00c9TODO<\/h2>\n\" content_phone=\"\n<h2>M\u00c9TODO<\/h2>\n\" content_last_edited=\"on|phone\" _builder_version=\"4.27.4\" _module_preset=\"default\" text_font=\"Avant Garde Bold|700|||||||\" header_2_text_color=\"#FFD300\" header_2_font_size=\"80px\" custom_margin=\"||10px||false|false\" header_2_font_size_tablet=\"65px\" header_2_font_size_phone=\"33px\" header_2_font_size_last_edited=\"on|tablet\" locked=\"off\" global_colors_info=\"{}\"]\n<h2>M\u00c9TODO<\/h2>\n[\/et_pb_text][\/et_pb_column][\/et_pb_row][\/et_pb_section][et_pb_section fb_built=\"1\" custom_padding_last_edited=\"on|phone\" _builder_version=\"4.27.4\" _module_preset=\"default\" background_color=\"#2e2b28\" custom_padding=\"20px||20px||true|false\" custom_padding_tablet=\"20px|50px|20px|50px|true|true\" custom_padding_phone=\"0px||0px||true|true\" global_colors_info=\"{}\"][et_pb_row column_structure=\"1_2,1_2\" use_custom_gutter=\"on\" make_equal=\"on\" custom_padding_last_edited=\"on|tablet\" _builder_version=\"4.27.4\" _module_preset=\"default\" width=\"100%\" max_width=\"1180px\" custom_padding=\"55px||55px||true|false\" custom_padding_tablet=\"55px||55px||true|false\" custom_padding_phone=\"||||true|false\" locked=\"off\" global_colors_info=\"{}\"][et_pb_column type=\"1_2\" _builder_version=\"4.27.4\" _module_preset=\"default\" border_width_right=\"1px\" border_color_right=\"#FFD300\" border_width_right_tablet=\"0px\" border_width_right_phone=\"0px\" border_width_right_last_edited=\"on|tablet\" global_colors_info=\"{}\"][et_pb_text content_last_edited=\"on|phone\" _builder_version=\"4.27.5\" _module_preset=\"default\" text_font=\"Avant Garde Bold||||||||\" text_text_color=\"#FFFFFF\" text_font_size=\"45px\" text_line_height=\"1em\" hover_enabled=\"0\" text_font_size_tablet=\"30px\" text_font_size_phone=\"22px\" text_font_size_last_edited=\"on|desktop\" global_colors_info=\"{}\" sticky_enabled=\"0\" content_tablet=\"\n\nUn enfoque pr\u00e1ctico, \u00e1gil y orientado a\nresultados\n\n\" content_phone=\"\n\nUn enfoque pr\u00e1ctico, \u00e1gil y orientado a\nresultados\n\n\"]\n\nUn enfoque pr\u00e1ctico, \u00e1gil y orientado a\nresultados\n\n[\/et_pb_text][\/et_pb_column][et_pb_column type=\"1_2\" _builder_version=\"4.27.4\" _module_preset=\"default\" border_color_left=\"#FFD300\" global_colors_info=\"{}\"][et_pb_text content_last_edited=\"on|phone\" module_class=\"portada_txt\" _builder_version=\"4.27.5\" _module_preset=\"default\" text_text_color=\"#FFFFFF\" text_font_size=\"30px\" text_line_height=\"1em\" custom_margin=\"||||false|false\" custom_margin_tablet=\"||||false|false\" custom_margin_phone=\"||||false|false\" custom_margin_last_edited=\"on|desktop\" custom_padding=\"||||false|false\" hover_enabled=\"0\" text_font_size_tablet=\"20px\" text_font_size_phone=\"18px\" text_font_size_last_edited=\"on|phone\" border_color_left=\"#FFD300\" global_colors_info=\"{}\" sticky_enabled=\"0\" content_tablet=\"\n\nAplicamos un m\u00e9todo \u00e1gil basado en Design Thinking y co-creaci\u00f3n con nuestros clientes. Trabajamos de manera colaborativa y flexible para transformar problemas en soluciones pr\u00e1cticas y ejecutables.\n\nNuestro m\u00e9todo se organiza en tres etapas clave:\n\n<span style=%22color: #ffd300;%22><i>ENTENDER<\/i><\/span> el contexto que rodea a las personas y a la organizaci\u00f3n.\n\n<span style=%22color: #ffd300;%22><i>DEFINIR<\/i><\/span> la soluci\u00f3n \u00f3ptima.\n\n<span style=%22color: #ffd300;%22><i>EJECUTAR<\/i><\/span> la planificaci\u00f3n con un claro enfoque en la implementaci\u00f3n pr\u00e1ctica, asegurando que cada acci\u00f3n tenga un impacto positivo tanto en el negocio como en las personas.\n\n\" content_phone=\"\n\nAplicamos un m\u00e9todo \u00e1gil basado en Design Thinking y co-creaci\u00f3n con nuestros clientes. Trabajamos de manera colaborativa y flexible para transformar problemas en soluciones pr\u00e1cticas y ejecutables.\n\nNuestro m\u00e9todo se organiza en tres etapas clave:\n\n<span style=%22color: #ffd300;%22><i>ENTENDER<\/i><\/span> el contexto que rodea a las personas y a la organizaci\u00f3n.\n\n<span style=%22color: #ffd300;%22><i>DEFINIR<\/i><\/span> la soluci\u00f3n \u00f3ptima.\n\n<span style=%22color: #ffd300;%22><i>EJECUTAR<\/i><\/span> la planificaci\u00f3n con un claro enfoque en la implementaci\u00f3n pr\u00e1ctica, asegurando que cada acci\u00f3n tenga un impacto positivo tanto en el negocio como en las personas.\n\n\"]\n\nAplicamos un m\u00e9todo \u00e1gil basado en Design Thinking y co-creaci\u00f3n con nuestros clientes. Trabajamos de manera colaborativa y flexible para transformar problemas en soluciones pr\u00e1cticas y ejecutables.\n\nNuestro m\u00e9todo se organiza en tres etapas clave:\n\n<span style=\"color: #ffd300;\"><i>ENTENDER<\/i><\/span> el contexto que rodea a las personas y a la organizaci\u00f3n.\n\n<span style=\"color: #ffd300;\"><i>DEFINIR<\/i><\/span> la soluci\u00f3n \u00f3ptima.\n\n<span style=\"color: #ffd300;\"><i>EJECUTAR<\/i><\/span> la planificaci\u00f3n con un claro enfoque en la implementaci\u00f3n pr\u00e1ctica, asegurando que cada acci\u00f3n tenga un impacto positivo tanto en el negocio como en las personas.\n\n[\/et_pb_text][\/et_pb_column][\/et_pb_row][\/et_pb_section][et_pb_section fb_built=\"1\" custom_padding_last_edited=\"on|desktop\" module_class=\"servicios_listado\" _builder_version=\"4.27.4\" _module_preset=\"default\" custom_padding=\"||||false|false\" custom_padding_tablet=\"|50px||50px|false|true\" custom_padding_phone=\"|50px||50px|false|true\" global_colors_info=\"{}\"][et_pb_row custom_padding_last_edited=\"on|phone\" _builder_version=\"4.27.4\" _module_preset=\"default\" width_tablet=\"90%\" width_phone=\"90%\" width_last_edited=\"on|phone\" max_width=\"1480px\" custom_padding=\"20px||20px||false|false\" custom_padding_tablet=\"20px||20px||false|false\" custom_padding_phone=\"20px||20px||false|false\" border_color_top=\"#FFD300\" global_colors_info=\"{}\"][et_pb_column type=\"4_4\" _builder_version=\"4.27.4\" _module_preset=\"default\" global_colors_info=\"{}\"][et_pb_image src=\"https:\/\/www.prosumerlab.com\/wp-content\/uploads\/2025\/12\/entender-definir-ejecutar-negro.png\" title_text=\"entender-definir-ejecutar-negro\" align=\"center\" _builder_version=\"4.27.4\" _module_preset=\"default\" custom_margin=\"70px||70px||true|false\" custom_margin_tablet=\"40px||||false|false\" custom_margin_phone=\"0px||50px||false|false\" custom_margin_last_edited=\"on|phone\" global_colors_info=\"{}\"][\/et_pb_image][et_pb_button button_url=\"@ET-DC@eyJkeW5hbWljIjp0cnVlLCJjb250ZW50IjoicG9zdF9saW5rX3VybF9wYWdlIiwic2V0dGluZ3MiOnsicG9zdF9pZCI6IjE5In19@\" button_text=\"Cont\u00e1ctanos\" button_alignment=\"center\" button_text_tablet=\"Cont\u00e1ctanos\" button_text_phone=\"Cont\u00e1ctanos\" button_text_last_edited=\"on|phone\" _builder_version=\"4.27.4\" _dynamic_attributes=\"button_url\" _module_preset=\"default\" custom_button=\"on\" button_text_size=\"23px\" button_text_color=\"#2E2B28\" button_bg_color=\"RGBA(255,255,255,0)\" button_border_width=\"1px\" button_border_color=\"#FFD300\" button_border_radius=\"0px\" button_font=\"Avant Garde Bold||||||||\" button_use_icon=\"off\" custom_margin=\"||||false|false\" custom_padding=\"5px|40px|5px|40px|true|true\" button_text_size_tablet=\"23px\" button_text_size_phone=\"20px\" button_text_size_last_edited=\"on|phone\" locked=\"off\" global_colors_info=\"{}\" button_text_color__hover_enabled=\"on|hover\" button_text_color__hover=\"#FFFFFF\" button_bg_color__hover_enabled=\"on|hover\" button_bg_color__hover=\"#2E2B28\" button_bg_enable_color__hover=\"on\"][\/et_pb_button][\/et_pb_column][\/et_pb_row][\/et_pb_section]","_et_gb_content_width":"","footnotes":""},"class_list":["post-1075","page","type-page","status-publish","hentry"],"yoast_head":"<!-- This site is optimized with the Yoast SEO plugin v27.0 - https:\/\/yoast.com\/product\/yoast-seo-wordpress\/ -->\n<title>Metodoa - Prosumerlab<\/title>\n<meta name=\"robots\" content=\"index, follow, max-snippet:-1, max-image-preview:large, max-video-preview:-1\" \/>\n<link rel=\"canonical\" href=\"https:\/\/www.prosumerlab.com\/eu\/metodoa\/\" \/>\n<meta property=\"og:locale\" content=\"en_US\" \/>\n<meta property=\"og:type\" content=\"article\" \/>\n<meta property=\"og:title\" content=\"Metodoa - Prosumerlab\" \/>\n<meta property=\"og:description\" content=\"METODOAIkuspegi praktikoa, arina eta emaitzei begirakoaGure bezeroekin Design Thinkingean eta elkarren arteko sorkuntzan oinarritutako metodo arina aplikatzen dugu. Modu kolaboratibo eta malguan egiten dugu lana arazoak eraldatu eta irtenbide praktiko eta egingarri bilakatu daitezen. Gure metodoa funtsezko hiru etapatan egituratzen da: Pertsonak eta erakundea inguratzen dituen testuingurua ULERTZEA. Irtenbide egokia ZEHAZTEA. Plangintza GAUZATZEA txertatze praktikoari [&hellip;]\" \/>\n<meta property=\"og:url\" content=\"https:\/\/www.prosumerlab.com\/eu\/metodoa\/\" \/>\n<meta property=\"og:site_name\" content=\"Prosumerlab\" \/>\n<meta property=\"article:modified_time\" content=\"2026-02-04T10:53:51+00:00\" \/>\n<meta name=\"twitter:card\" content=\"summary_large_image\" \/>\n<meta name=\"twitter:label1\" content=\"Est. reading time\" \/>\n\t<meta name=\"twitter:data1\" content=\"3 minutua\" \/>\n<script type=\"application\/ld+json\" class=\"yoast-schema-graph\">{\"@context\":\"https:\/\/schema.org\",\"@graph\":[{\"@type\":\"WebPage\",\"@id\":\"https:\/\/www.prosumerlab.com\/eu\/metodoa\/\",\"url\":\"https:\/\/www.prosumerlab.com\/eu\/metodoa\/\",\"name\":\"Metodoa - Prosumerlab\",\"isPartOf\":{\"@id\":\"https:\/\/www.prosumerlab.com\/eu\/#website\"},\"datePublished\":\"2025-10-27T08:26:35+00:00\",\"dateModified\":\"2026-02-04T10:53:51+00:00\",\"breadcrumb\":{\"@id\":\"https:\/\/www.prosumerlab.com\/eu\/metodoa\/#breadcrumb\"},\"inLanguage\":\"eu\",\"potentialAction\":[{\"@type\":\"ReadAction\",\"target\":[\"https:\/\/www.prosumerlab.com\/eu\/metodoa\/\"]}]},{\"@type\":\"BreadcrumbList\",\"@id\":\"https:\/\/www.prosumerlab.com\/eu\/metodoa\/#breadcrumb\",\"itemListElement\":[{\"@type\":\"ListItem\",\"position\":1,\"name\":\"Portada\",\"item\":\"https:\/\/www.prosumerlab.com\/eu\/\"},{\"@type\":\"ListItem\",\"position\":2,\"name\":\"Metodoa\"}]},{\"@type\":\"WebSite\",\"@id\":\"https:\/\/www.prosumerlab.com\/eu\/#website\",\"url\":\"https:\/\/www.prosumerlab.com\/eu\/\",\"name\":\"Prosumerlab\",\"description\":\"Impulsamos el crecimiento de tu negocio\",\"potentialAction\":[{\"@type\":\"SearchAction\",\"target\":{\"@type\":\"EntryPoint\",\"urlTemplate\":\"https:\/\/www.prosumerlab.com\/eu\/?s={search_term_string}\"},\"query-input\":{\"@type\":\"PropertyValueSpecification\",\"valueRequired\":true,\"valueName\":\"search_term_string\"}}],\"inLanguage\":\"eu\"}]}<\/script>\n<!-- \/ Yoast SEO plugin. -->","yoast_head_json":{"title":"Metodoa - Prosumerlab","robots":{"index":"index","follow":"follow","max-snippet":"max-snippet:-1","max-image-preview":"max-image-preview:large","max-video-preview":"max-video-preview:-1"},"canonical":"https:\/\/www.prosumerlab.com\/eu\/metodoa\/","og_locale":"en_US","og_type":"article","og_title":"Metodoa - Prosumerlab","og_description":"METODOAIkuspegi praktikoa, arina eta emaitzei begirakoaGure bezeroekin Design Thinkingean eta elkarren arteko sorkuntzan oinarritutako metodo arina aplikatzen dugu. Modu kolaboratibo eta malguan egiten dugu lana arazoak eraldatu eta irtenbide praktiko eta egingarri bilakatu daitezen. Gure metodoa funtsezko hiru etapatan egituratzen da: Pertsonak eta erakundea inguratzen dituen testuingurua ULERTZEA. Irtenbide egokia ZEHAZTEA. Plangintza GAUZATZEA txertatze praktikoari [&hellip;]","og_url":"https:\/\/www.prosumerlab.com\/eu\/metodoa\/","og_site_name":"Prosumerlab","article_modified_time":"2026-02-04T10:53:51+00:00","twitter_card":"summary_large_image","twitter_misc":{"Est. reading time":"3 minutua"},"schema":{"@context":"https:\/\/schema.org","@graph":[{"@type":"WebPage","@id":"https:\/\/www.prosumerlab.com\/eu\/metodoa\/","url":"https:\/\/www.prosumerlab.com\/eu\/metodoa\/","name":"Metodoa - Prosumerlab","isPartOf":{"@id":"https:\/\/www.prosumerlab.com\/eu\/#website"},"datePublished":"2025-10-27T08:26:35+00:00","dateModified":"2026-02-04T10:53:51+00:00","breadcrumb":{"@id":"https:\/\/www.prosumerlab.com\/eu\/metodoa\/#breadcrumb"},"inLanguage":"eu","potentialAction":[{"@type":"ReadAction","target":["https:\/\/www.prosumerlab.com\/eu\/metodoa\/"]}]},{"@type":"BreadcrumbList","@id":"https:\/\/www.prosumerlab.com\/eu\/metodoa\/#breadcrumb","itemListElement":[{"@type":"ListItem","position":1,"name":"Portada","item":"https:\/\/www.prosumerlab.com\/eu\/"},{"@type":"ListItem","position":2,"name":"Metodoa"}]},{"@type":"WebSite","@id":"https:\/\/www.prosumerlab.com\/eu\/#website","url":"https:\/\/www.prosumerlab.com\/eu\/","name":"Prosumerlab","description":"Impulsamos el crecimiento de tu negocio","potentialAction":[{"@type":"SearchAction","target":{"@type":"EntryPoint","urlTemplate":"https:\/\/www.prosumerlab.com\/eu\/?s={search_term_string}"},"query-input":{"@type":"PropertyValueSpecification","valueRequired":true,"valueName":"search_term_string"}}],"inLanguage":"eu"}]}},"_links":{"self":[{"href":"https:\/\/www.prosumerlab.com\/eu\/wp-json\/wp\/v2\/pages\/1075","targetHints":{"allow":["GET"]}}],"collection":[{"href":"https:\/\/www.prosumerlab.com\/eu\/wp-json\/wp\/v2\/pages"}],"about":[{"href":"https:\/\/www.prosumerlab.com\/eu\/wp-json\/wp\/v2\/types\/page"}],"author":[{"embeddable":true,"href":"https:\/\/www.prosumerlab.com\/eu\/wp-json\/wp\/v2\/users\/1"}],"replies":[{"embeddable":true,"href":"https:\/\/www.prosumerlab.com\/eu\/wp-json\/wp\/v2\/comments?post=1075"}],"version-history":[{"count":4,"href":"https:\/\/www.prosumerlab.com\/eu\/wp-json\/wp\/v2\/pages\/1075\/revisions"}],"predecessor-version":[{"id":1080,"href":"https:\/\/www.prosumerlab.com\/eu\/wp-json\/wp\/v2\/pages\/1075\/revisions\/1080"}],"wp:attachment":[{"href":"https:\/\/www.prosumerlab.com\/eu\/wp-json\/wp\/v2\/media?parent=1075"}],"curies":[{"name":"wp","href":"https:\/\/api.w.org\/{rel}","templated":true}]}}